{"id":851,"date":"2025-03-17T12:27:09","date_gmt":"2025-03-17T12:27:09","guid":{"rendered":"https:\/\/villaducasse.server-prod.com\/services-et-activites\/"},"modified":"2026-04-01T14:17:34","modified_gmt":"2026-04-01T14:17:34","slug":"services-and-activities","status":"publish","type":"page","link":"https:\/\/www.lavilladucasse.com\/en\/services-and-activities\/","title":{"rendered":"Services and Activities"},"content":{"rendered":"<p>[et_pb_section fb_built=&#8221;1&#8243; admin_label=&#8221;Header&#8221; _builder_version=&#8221;4.27.4&#8243; _module_preset=&#8221;default&#8221; use_background_color_gradient=&#8221;on&#8221; background_color_gradient_stops=&#8221;rgba(0,0,0,0.5) 0%|rgba(0,0,0,0.5) 100%&#8221; background_color_gradient_overlays_image=&#8221;on&#8221; background_image=&#8221;https:\/\/www.lavilladucasse.com\/wp-content\/uploads\/2026\/03\/restaurant-dejeuner.jpg&#8221; custom_padding=&#8221;13.8%||13.8%||true|false&#8221; locked=&#8221;off&#8221; collapsed=&#8221;on&#8221; global_colors_info=&#8221;{}&#8221;][et_pb_row module_class=&#8221;h1-classes&#8221; _builder_version=&#8221;4.24.0&#8243; _module_preset=&#8221;default&#8221; width=&#8221;90%&#8221; max_width=&#8221;900px&#8221; global_colors_info=&#8221;{}&#8221;][et_pb_column type=&#8221;4_4&#8243; _builder_version=&#8221;4.24.1&#8243; _module_preset=&#8221;default&#8221; global_colors_info=&#8221;{}&#8221;][et_pb_text _builder_version=&#8221;4.27.4&#8243; _module_preset=&#8221;default&#8221; global_colors_info=&#8221;{}&#8221;]<\/p>\n<h1 style=\"text-align: center;\">Services and Activities<\/h1>\n<p>[\/et_pb_text][\/et_pb_column][\/et_pb_row][\/et_pb_section][et_pb_section fb_built=&#8221;1&#8243; make_equal=&#8221;on&#8221; specialty=&#8221;on&#8221; bg_img_2=&#8221;https:\/\/www.lavilladucasse.com\/wp-content\/uploads\/2026\/03\/Repas.jpg&#8221; padding_top_1=&#8221;60px&#8221; padding_bottom_1=&#8221;60px&#8221; padding_top_bottom_link_1=&#8221;true&#8221; padding_left_right_link_1=&#8221;false&#8221; padding_1_tablet=&#8221;0px||0px||true|false&#8221; padding_1_phone=&#8221;0px||0px||true|false&#8221; padding_1_last_edited=&#8221;on|desktop&#8221; admin_label=&#8221;Features&#8221; module_class=&#8221; class-h2 class-h3 reverse&#8221; _builder_version=&#8221;4.27.4&#8243; _module_preset=&#8221;default&#8221; inner_max_width=&#8221;2000px&#8221; custom_padding=&#8221;78px|||||&#8221; locked=&#8221;off&#8221; collapsed=&#8221;on&#8221; global_colors_info=&#8221;{}&#8221;][et_pb_column type=&#8221;1_2&#8243; specialty_columns=&#8221;2&#8243; _builder_version=&#8221;4.16&#8243; _module_preset=&#8221;default&#8221; custom_padding=&#8221;|||&#8221; global_colors_info=&#8221;{}&#8221; custom_padding__hover=&#8221;|||&#8221;][et_pb_row_inner _builder_version=&#8221;4.24.1&#8243; _module_preset=&#8221;default&#8221; global_colors_info=&#8221;{}&#8221;][et_pb_column_inner saved_specialty_column_type=&#8221;1_2&#8243; _builder_version=&#8221;4.24.1&#8243; _module_preset=&#8221;default&#8221; global_colors_info=&#8221;{}&#8221;][et_pb_text _builder_version=&#8221;4.27.4&#8243; _module_preset=&#8221;default&#8221; global_colors_info=&#8221;{}&#8221;]<\/p>\n<h2>Guest Dining \u2013 By Reservation<\/h2>\n<p>[\/et_pb_text][et_pb_text _builder_version=&#8221;4.27.4&#8243; _module_preset=&#8221;default&#8221; global_colors_info=&#8221;{}&#8221;]<\/p>\n<p>La Villa Ducasse offers a refined table d\u2019h\u00f4te, prepared with fresh, local ingredients.<\/p>\n<ul>\n<li>Daily menu inspired by Moroccan and Mediterranean cuisine<\/li>\n<li>Served in the dining room or on the terrace, depending on the season<\/li>\n<li>Meals can be adapted to dietary preferences upon request<\/li>\n<li>Reservation required to ensure an optimal culinary experience<\/li>\n<\/ul>\n<p>A warm, authentic, and convivial experience, designed to showcase the flavors of the region<\/p>\n<p>[\/et_pb_text][\/et_pb_column_inner][\/et_pb_row_inner][\/et_pb_column][et_pb_column type=&#8221;1_2&#8243; _builder_version=&#8221;4.16&#8243; _module_preset=&#8221;default&#8221; custom_padding=&#8221;|||&#8221; global_colors_info=&#8221;{}&#8221; custom_padding__hover=&#8221;|||&#8221;][et_pb_divider show_divider=&#8221;off&#8221; _builder_version=&#8221;4.24.1&#8243; _module_preset=&#8221;default&#8221; height_tablet=&#8221;50vw&#8221; height_phone=&#8221;50vw&#8221; height_last_edited=&#8221;on|desktop&#8221; global_colors_info=&#8221;{}&#8221;][\/et_pb_divider][\/et_pb_column][\/et_pb_section][et_pb_section fb_built=&#8221;1&#8243; admin_label=&#8221;Menu&#8221; module_class=&#8221; class-h2 class-h3&#8243; _builder_version=&#8221;4.24.0&#8243; _module_preset=&#8221;default&#8221; background_color=&#8221;#272361&#8243; custom_padding=&#8221;|10%||10%|false|true&#8221; locked=&#8221;off&#8221; collapsed=&#8221;on&#8221; global_colors_info=&#8221;{}&#8221;][et_pb_row column_structure=&#8221;1_2,1_2&#8243; _builder_version=&#8221;4.24.1&#8243; _module_preset=&#8221;default&#8221; width=&#8221;100%&#8221; max_width=&#8221;2000px&#8221; locked=&#8221;off&#8221; global_colors_info=&#8221;{}&#8221;][et_pb_column type=&#8221;1_2&#8243; saved_specialty_column_type=&#8221;1_2&#8243; _builder_version=&#8221;4.24.1&#8243; _module_preset=&#8221;default&#8221; global_colors_info=&#8221;{}&#8221;][et_pb_image src=&#8221;https:\/\/www.lavilladucasse.com\/wp-content\/uploads\/2026\/03\/service-conciergerie-decoration.png&#8221; title_text=&#8221;service-conciergerie-decoration&#8221; _builder_version=&#8221;4.27.4&#8243; _module_preset=&#8221;default&#8221; scroll_vertical_motion_enable=&#8221;on&#8221; scroll_vertical_motion=&#8221;0|50|50|100|1|0|-1&#8243; scroll_vertical_motion_tablet=&#8221;0|50|50|100|0|0|0&#8243; scroll_vertical_motion_phone=&#8221;0|50|50|100|0|0|0&#8243; scroll_vertical_motion_last_edited=&#8221;on|tablet&#8221; global_colors_info=&#8221;{}&#8221;][\/et_pb_image][\/et_pb_column][et_pb_column type=&#8221;1_2&#8243; saved_specialty_column_type=&#8221;1_2&#8243; _builder_version=&#8221;4.24.1&#8243; _module_preset=&#8221;default&#8221; global_colors_info=&#8221;{}&#8221;][et_pb_text _builder_version=&#8221;4.27.4&#8243; _module_preset=&#8221;default&#8221; header_2_text_color=&#8221;#FFFFFF&#8221; global_colors_info=&#8221;{}&#8221;]<\/p>\n<h2>Concierge Service<\/h2>\n<p>[\/et_pb_text][et_pb_text _builder_version=&#8221;4.27.4&#8243; _module_preset=&#8221;default&#8221; text_text_color=&#8221;#FFFFFF&#8221; global_colors_info=&#8221;{}&#8221;]<\/p>\n<p>For a seamless and personalized stay, La Villa Ducasse provides attentive concierge services:<\/p>\n<ul>\n<li>Organization of transfers (airport, medina, beaches, nearby villages)<\/li>\n<li>Reservations for restaurants, spas, hammams, and wellness activities<\/li>\n<li>Personalized advice on the best spots in Essaouira<\/li>\n<li>Assistance with any special requests to make your stay unique<\/li>\n<\/ul>\n<p>Your comfort and peace of mind are our top priorities.<\/p>\n<p>[\/et_pb_text][\/et_pb_column][\/et_pb_row][\/et_pb_section][et_pb_section fb_built=&#8221;1&#8243; make_equal=&#8221;on&#8221; specialty=&#8221;on&#8221; bg_img_2=&#8221;https:\/\/www.lavilladucasse.com\/wp-content\/uploads\/2026\/03\/organisation-activites.png&#8221; padding_top_bottom_link_1=&#8221;false&#8221; padding_left_right_link_1=&#8221;false&#8221; padding_1_tablet=&#8221;0px||0px||true|false&#8221; padding_1_phone=&#8221;0px||0px||true|false&#8221; padding_1_last_edited=&#8221;off|desktop&#8221; admin_label=&#8221;Features&#8221; module_class=&#8221; class-h2 class-h3 reverse&#8221; _builder_version=&#8221;4.27.4&#8243; _module_preset=&#8221;default&#8221; inner_max_width=&#8221;2000px&#8221; custom_padding=&#8221;78px|||||&#8221; locked=&#8221;off&#8221; collapsed=&#8221;on&#8221; global_colors_info=&#8221;{}&#8221;][et_pb_column type=&#8221;1_2&#8243; specialty_columns=&#8221;2&#8243; _builder_version=&#8221;4.16&#8243; _module_preset=&#8221;default&#8221; custom_padding=&#8221;|||&#8221; global_colors_info=&#8221;{}&#8221; custom_padding__hover=&#8221;|||&#8221;][et_pb_row_inner _builder_version=&#8221;4.24.1&#8243; _module_preset=&#8221;default&#8221; global_colors_info=&#8221;{}&#8221;][et_pb_column_inner saved_specialty_column_type=&#8221;1_2&#8243; _builder_version=&#8221;4.24.1&#8243; _module_preset=&#8221;default&#8221; global_colors_info=&#8221;{}&#8221;][et_pb_text _builder_version=&#8221;4.27.4&#8243; _module_preset=&#8221;default&#8221; global_colors_info=&#8221;{}&#8221;]<\/p>\n<h2>Activity &#038; Experience Planning<\/h2>\n<p>[\/et_pb_text][et_pb_text _builder_version=&#8221;4.27.4&#8243; _module_preset=&#8221;default&#8221; global_colors_info=&#8221;{}&#8221;]<\/p>\n<p>La Villa Ducasse helps its guests discover Essaouira and its surroundings through a curated selection of authentic activities:<\/p>\n<ul>\n<li>Horseback rides, camel treks, quad biking, buggy rides, or electric motorcycles<\/li>\n<li>Surfing, kitesurfing, and wingfoil lessons<\/li>\n<li>Golf<\/li>\n<li>Excursions into the countryside: argan cooperatives, Berber villages, vineyards<\/li>\n<li>Immersive experiences with locals in Berber villages to share a slice of everyday life<\/li>\n<li>Guided tours of the medina and cultural experiences<\/li>\n<li>Wellness days: traditional hammam, massages, yoga<\/li>\n<\/ul>\n<p>Each activity is organized with trusted partners, carefully tested and approved by our team, ensuring a safe and memorable experience.<\/p>\n<p>[\/et_pb_text][et_pb_image src=&#8221;https:\/\/www.lavilladucasse.com\/wp-content\/uploads\/2026\/03\/golf-essaouira.png&#8221; title_text=&#8221;golf-essaouira&#8221; _builder_version=&#8221;4.27.4&#8243; _module_preset=&#8221;default&#8221; global_colors_info=&#8221;{}&#8221;][\/et_pb_image][\/et_pb_column_inner][\/et_pb_row_inner][\/et_pb_column][et_pb_column type=&#8221;1_2&#8243; _builder_version=&#8221;4.16&#8243; _module_preset=&#8221;default&#8221; custom_padding=&#8221;|||&#8221; global_colors_info=&#8221;{}&#8221; custom_padding__hover=&#8221;|||&#8221;][et_pb_divider show_divider=&#8221;off&#8221; _builder_version=&#8221;4.24.1&#8243; _module_preset=&#8221;default&#8221; height_tablet=&#8221;50vw&#8221; height_phone=&#8221;50vw&#8221; height_last_edited=&#8221;on|desktop&#8221; global_colors_info=&#8221;{}&#8221;][\/et_pb_divider][\/et_pb_column][\/et_pb_section][et_pb_section fb_built=&#8221;1&#8243; admin_label=&#8221;Call to Action&#8221; module_class=&#8221; class-h2-2 class-h3&#8243; _builder_version=&#8221;4.27.4&#8243; _module_preset=&#8221;default&#8221; use_background_color_gradient=&#8221;on&#8221; background_color_gradient_type=&#8221;circular&#8221; background_color_gradient_stops=&#8221;rgba(39,35,97,0.5) 0%|#272361 100%&#8221; background_color_gradient_overlays_image=&#8221;on&#8221; background_image=&#8221;https:\/\/www.lavilladucasse.com\/wp-content\/uploads\/2026\/03\/restaurant-dejeuner.jpg&#8221; parallax=&#8221;on&#8221; custom_padding=&#8221;8%||8%||true|false&#8221; locked=&#8221;off&#8221; collapsed=&#8221;on&#8221; global_colors_info=&#8221;{}&#8221;][et_pb_row _builder_version=&#8221;4.24.0&#8243; _module_preset=&#8221;default&#8221; max_width=&#8221;1000px&#8221; global_colors_info=&#8221;{}&#8221;][et_pb_column type=&#8221;4_4&#8243; _builder_version=&#8221;4.24.1&#8243; _module_preset=&#8221;default&#8221; global_colors_info=&#8221;{}&#8221;][et_pb_text _builder_version=&#8221;4.27.4&#8243; _module_preset=&#8221;default&#8221; header_2_text_align=&#8221;center&#8221; header_2_text_color=&#8221;#FFFFFF&#8221; global_colors_info=&#8221;{}&#8221;]<\/p>\n<h2>Book your stay at La Villa Ducasse and enjoy a table at the restaurant<\/h2>\n<p>[\/et_pb_text][et_pb_text _builder_version=&#8221;4.27.4&#8243; _module_preset=&#8221;default&#8221; text_text_color=&#8221;#FFFFFF&#8221; text_orientation=&#8221;center&#8221; global_colors_info=&#8221;{}&#8221;]From sunrise to sunset, our villa\u2019s restaurant in Essaouira invites you to savor unforgettable flavors in a chic and cozy setting. Book your stay at our Moroccan guesthouse now![\/et_pb_text][et_pb_button button_url=&#8221;@ET-DC@eyJkeW5hbWljIjp0cnVlLCJjb250ZW50IjoicG9zdF9saW5rX3VybF9wYWdlIiwic2V0dGluZ3MiOnsicG9zdF9pZCI6IjgzNyJ9fQ==@&#8221; button_text=&#8221;Book Your Stay&#8221; button_alignment=&#8221;center&#8221; _builder_version=&#8221;4.27.6&#8243; _module_preset=&#8221;9aa095f1-66a6-47c4-985d-e6c83a76c0fb&#8221; button_text_size=&#8221;16px&#8221; button_letter_spacing=&#8221;3px&#8221; button_font=&#8221;|700||on|||||&#8221; hover_enabled=&#8221;0&#8243; locked=&#8221;off&#8221; global_colors_info=&#8221;{}&#8221; button_text_color__hover_enabled=&#8221;on|hover&#8221; button_text_color__hover=&#8221;#ccb295&#8243; box_shadow_color__hover_enabled=&#8221;on|hover&#8221; box_shadow_color__hover=&#8221;#ccb295&#8243; _dynamic_attributes=&#8221;button_url&#8221; sticky_enabled=&#8221;0&#8243;][\/et_pb_button][\/et_pb_column][\/et_pb_row][\/et_pb_section]<\/p>\n","protected":false},"excerpt":{"rendered":"<p>Services and ActivitiesGuest Dining \u2013 By ReservationLa Villa Ducasse offers a refined table d\u2019h\u00f4te, prepared with fresh, local ingredients. Daily menu inspired by Moroccan and Mediterranean cuisine Served in the dining room or on the terrace, depending on the season Meals can be adapted to dietary preferences upon request Reservation required to ensure an optimal [&hellip;]<\/p>\n","protected":false},"author":1,"featured_media":0,"parent":0,"menu_order":0,"comment_status":"closed","ping_status":"closed","template":"","meta":{"_et_pb_use_builder":"on","_et_pb_old_content":"","_et_gb_content_width":"","footnotes":""},"class_list":["post-851","page","type-page","status-publish","hentry"],"yoast_head":"<!-- This site is optimized with the Yoast SEO plugin v27.3 - https:\/\/yoast.com\/product\/yoast-seo-wordpress\/ -->\n<title>Restaurant maison d\u2019h\u00f4te \u00e0 Essaouira<\/title>\n<meta name=\"description\" content=\"La Villa Ducasse \u2013 R\u00e9servez votre table pour d\u00e9guster les sp\u00e9cialit\u00e9s marocaines pendant votre s\u00e9jour \u00e0 Essaouira.\" \/>\n<meta name=\"robots\" content=\"index, follow, max-snippet:-1, max-image-preview:large, max-video-preview:-1\" \/>\n<link rel=\"canonical\" href=\"https:\/\/www.lavilladucasse.com\/en\/services-and-activities\/\" \/>\n<meta property=\"og:locale\" content=\"en_US\" \/>\n<meta property=\"og:type\" content=\"article\" \/>\n<meta property=\"og:title\" content=\"Restaurant maison d\u2019h\u00f4te \u00e0 Essaouira\" \/>\n<meta property=\"og:description\" content=\"La Villa Ducasse \u2013 R\u00e9servez votre table pour d\u00e9guster les sp\u00e9cialit\u00e9s marocaines pendant votre s\u00e9jour \u00e0 Essaouira.\" \/>\n<meta property=\"og:url\" content=\"https:\/\/www.lavilladucasse.com\/en\/services-and-activities\/\" \/>\n<meta property=\"og:site_name\" content=\"La villa du casse\" \/>\n<meta property=\"article:modified_time\" content=\"2026-04-01T14:17:34+00:00\" \/>\n<meta name=\"twitter:card\" content=\"summary_large_image\" \/>\n<meta name=\"twitter:label1\" content=\"Est. reading time\" \/>\n\t<meta name=\"twitter:data1\" content=\"2 minutes\" \/>\n<script type=\"application\/ld+json\" class=\"yoast-schema-graph\">{\"@context\":\"https:\\\/\\\/schema.org\",\"@graph\":[{\"@type\":\"WebPage\",\"@id\":\"https:\\\/\\\/www.lavilladucasse.com\\\/en\\\/services-and-activities\\\/\",\"url\":\"https:\\\/\\\/www.lavilladucasse.com\\\/en\\\/services-and-activities\\\/\",\"name\":\"Restaurant maison d\u2019h\u00f4te \u00e0 Essaouira\",\"isPartOf\":{\"@id\":\"https:\\\/\\\/www.lavilladucasse.com\\\/en\\\/#website\"},\"datePublished\":\"2025-03-17T12:27:09+00:00\",\"dateModified\":\"2026-04-01T14:17:34+00:00\",\"description\":\"La Villa Ducasse \u2013 R\u00e9servez votre table pour d\u00e9guster les sp\u00e9cialit\u00e9s marocaines pendant votre s\u00e9jour \u00e0 Essaouira.\",\"breadcrumb\":{\"@id\":\"https:\\\/\\\/www.lavilladucasse.com\\\/en\\\/services-and-activities\\\/#breadcrumb\"},\"inLanguage\":\"en-US\",\"potentialAction\":[{\"@type\":\"ReadAction\",\"target\":[\"https:\\\/\\\/www.lavilladucasse.com\\\/en\\\/services-and-activities\\\/\"]}]},{\"@type\":\"BreadcrumbList\",\"@id\":\"https:\\\/\\\/www.lavilladucasse.com\\\/en\\\/services-and-activities\\\/#breadcrumb\",\"itemListElement\":[{\"@type\":\"ListItem\",\"position\":1,\"name\":\"Accueil\",\"item\":\"https:\\\/\\\/www.lavilladucasse.com\\\/en\\\/\"},{\"@type\":\"ListItem\",\"position\":2,\"name\":\"Services and Activities\"}]},{\"@type\":\"WebSite\",\"@id\":\"https:\\\/\\\/www.lavilladucasse.com\\\/en\\\/#website\",\"url\":\"https:\\\/\\\/www.lavilladucasse.com\\\/en\\\/\",\"name\":\"La villa du casse\",\"description\":\"\",\"potentialAction\":[{\"@type\":\"SearchAction\",\"target\":{\"@type\":\"EntryPoint\",\"urlTemplate\":\"https:\\\/\\\/www.lavilladucasse.com\\\/en\\\/?s={search_term_string}\"},\"query-input\":{\"@type\":\"PropertyValueSpecification\",\"valueRequired\":true,\"valueName\":\"search_term_string\"}}],\"inLanguage\":\"en-US\"}]}<\/script>\n<!-- \/ Yoast SEO plugin. -->","yoast_head_json":{"title":"Restaurant maison d\u2019h\u00f4te \u00e0 Essaouira","description":"La Villa Ducasse \u2013 R\u00e9servez votre table pour d\u00e9guster les sp\u00e9cialit\u00e9s marocaines pendant votre s\u00e9jour \u00e0 Essaouira.","robots":{"index":"index","follow":"follow","max-snippet":"max-snippet:-1","max-image-preview":"max-image-preview:large","max-video-preview":"max-video-preview:-1"},"canonical":"https:\/\/www.lavilladucasse.com\/en\/services-and-activities\/","og_locale":"en_US","og_type":"article","og_title":"Restaurant maison d\u2019h\u00f4te \u00e0 Essaouira","og_description":"La Villa Ducasse \u2013 R\u00e9servez votre table pour d\u00e9guster les sp\u00e9cialit\u00e9s marocaines pendant votre s\u00e9jour \u00e0 Essaouira.","og_url":"https:\/\/www.lavilladucasse.com\/en\/services-and-activities\/","og_site_name":"La villa du casse","article_modified_time":"2026-04-01T14:17:34+00:00","twitter_card":"summary_large_image","twitter_misc":{"Est. reading time":"2 minutes"},"schema":{"@context":"https:\/\/schema.org","@graph":[{"@type":"WebPage","@id":"https:\/\/www.lavilladucasse.com\/en\/services-and-activities\/","url":"https:\/\/www.lavilladucasse.com\/en\/services-and-activities\/","name":"Restaurant maison d\u2019h\u00f4te \u00e0 Essaouira","isPartOf":{"@id":"https:\/\/www.lavilladucasse.com\/en\/#website"},"datePublished":"2025-03-17T12:27:09+00:00","dateModified":"2026-04-01T14:17:34+00:00","description":"La Villa Ducasse \u2013 R\u00e9servez votre table pour d\u00e9guster les sp\u00e9cialit\u00e9s marocaines pendant votre s\u00e9jour \u00e0 Essaouira.","breadcrumb":{"@id":"https:\/\/www.lavilladucasse.com\/en\/services-and-activities\/#breadcrumb"},"inLanguage":"en-US","potentialAction":[{"@type":"ReadAction","target":["https:\/\/www.lavilladucasse.com\/en\/services-and-activities\/"]}]},{"@type":"BreadcrumbList","@id":"https:\/\/www.lavilladucasse.com\/en\/services-and-activities\/#breadcrumb","itemListElement":[{"@type":"ListItem","position":1,"name":"Accueil","item":"https:\/\/www.lavilladucasse.com\/en\/"},{"@type":"ListItem","position":2,"name":"Services and Activities"}]},{"@type":"WebSite","@id":"https:\/\/www.lavilladucasse.com\/en\/#website","url":"https:\/\/www.lavilladucasse.com\/en\/","name":"La villa du casse","description":"","potentialAction":[{"@type":"SearchAction","target":{"@type":"EntryPoint","urlTemplate":"https:\/\/www.lavilladucasse.com\/en\/?s={search_term_string}"},"query-input":{"@type":"PropertyValueSpecification","valueRequired":true,"valueName":"search_term_string"}}],"inLanguage":"en-US"}]}},"_links":{"self":[{"href":"https:\/\/www.lavilladucasse.com\/en\/wp-json\/wp\/v2\/pages\/851","targetHints":{"allow":["GET"]}}],"collection":[{"href":"https:\/\/www.lavilladucasse.com\/en\/wp-json\/wp\/v2\/pages"}],"about":[{"href":"https:\/\/www.lavilladucasse.com\/en\/wp-json\/wp\/v2\/types\/page"}],"author":[{"embeddable":true,"href":"https:\/\/www.lavilladucasse.com\/en\/wp-json\/wp\/v2\/users\/1"}],"replies":[{"embeddable":true,"href":"https:\/\/www.lavilladucasse.com\/en\/wp-json\/wp\/v2\/comments?post=851"}],"version-history":[{"count":4,"href":"https:\/\/www.lavilladucasse.com\/en\/wp-json\/wp\/v2\/pages\/851\/revisions"}],"predecessor-version":[{"id":1032,"href":"https:\/\/www.lavilladucasse.com\/en\/wp-json\/wp\/v2\/pages\/851\/revisions\/1032"}],"wp:attachment":[{"href":"https:\/\/www.lavilladucasse.com\/en\/wp-json\/wp\/v2\/media?parent=851"}],"curies":[{"name":"wp","href":"https:\/\/api.w.org\/{rel}","templated":true}]}}