{"id":823,"date":"2025-04-01T16:11:49","date_gmt":"2025-04-01T16:11:49","guid":{"rendered":"https:\/\/villaducasse.server-prod.com\/galerie\/"},"modified":"2026-04-01T15:47:15","modified_gmt":"2026-04-01T15:47:15","slug":"gallery","status":"publish","type":"page","link":"https:\/\/www.lavilladucasse.com\/en\/gallery\/","title":{"rendered":"Gallery"},"content":{"rendered":"<p>[et_pb_section fb_built=&#8221;1&#8243; admin_label=&#8221;Header&#8221; _builder_version=&#8221;4.27.4&#8243; _module_preset=&#8221;default&#8221; use_background_color_gradient=&#8221;on&#8221; background_color_gradient_stops=&#8221;rgba(0,0,0,0.5) 0%|rgba(0,0,0,0.5) 100%&#8221; background_color_gradient_overlays_image=&#8221;on&#8221; background_image=&#8221;https:\/\/www.lavilladucasse.com\/wp-content\/uploads\/2025\/04\/fond-info-pratique-transferts-deplacements-villaducasse.png&#8221; custom_padding=&#8221;13.8%||13.8%||true|false&#8221; locked=&#8221;off&#8221; collapsed=&#8221;on&#8221; global_colors_info=&#8221;{}&#8221;][et_pb_row module_class=&#8221;h1-classes&#8221; _builder_version=&#8221;4.24.0&#8243; _module_preset=&#8221;default&#8221; width=&#8221;90%&#8221; max_width=&#8221;1000px&#8221; global_colors_info=&#8221;{}&#8221;][et_pb_column type=&#8221;4_4&#8243; _builder_version=&#8221;4.24.1&#8243; _module_preset=&#8221;default&#8221; global_colors_info=&#8221;{}&#8221;][et_pb_text _builder_version=&#8221;4.27.6&#8243; _module_preset=&#8221;default&#8221; hover_enabled=&#8221;0&#8243; global_colors_info=&#8221;{}&#8221; sticky_enabled=&#8221;0&#8243;]<\/p>\n<h1 style=\"text-align: center;\">Gallery<\/h1>\n<p>[\/et_pb_text][\/et_pb_column][\/et_pb_row][\/et_pb_section][et_pb_section fb_built=&#8221;1&#8243; _builder_version=&#8221;4.27.4&#8243; _module_preset=&#8221;default&#8221; global_colors_info=&#8221;{}&#8221;][et_pb_row _builder_version=&#8221;4.27.4&#8243; _module_preset=&#8221;default&#8221; global_colors_info=&#8221;{}&#8221;][et_pb_column type=&#8221;4_4&#8243; _builder_version=&#8221;4.27.4&#8243; _module_preset=&#8221;default&#8221; global_colors_info=&#8221;{}&#8221;][et_pb_gallery gallery_ids=&#8221;821,822,824,825,826,827,828,829,830,831,832,833,834,967,968,969,970,971,973,974,975,976,977,978,979,980,981,982,983,984,1006,1004,1003&#8243; posts_number=&#8221;150&#8243; orientation=&#8221;portrait&#8221; show_title_and_caption=&#8221;off&#8221; zoom_icon_color=&#8221;#ccb295&#8243; _builder_version=&#8221;4.27.6&#8243; _module_preset=&#8221;default&#8221; global_colors_info=&#8221;{}&#8221;][\/et_pb_gallery][\/et_pb_column][\/et_pb_row][\/et_pb_section][et_pb_section fb_built=&#8221;1&#8243; admin_label=&#8221;Call to Action&#8221; module_class=&#8221; class-h2-2 class-h3&#8243; _builder_version=&#8221;4.24.0&#8243; _module_preset=&#8221;default&#8221; use_background_color_gradient=&#8221;on&#8221; background_color_gradient_type=&#8221;circular&#8221; background_color_gradient_stops=&#8221;rgba(39,35,97,0.5) 0%|#272361 100%&#8221; background_color_gradient_overlays_image=&#8221;on&#8221; background_image=&#8221;https:\/\/www.lavilladucasse.com\/wp-content\/uploads\/2025\/03\/bg-contact-acc-villaducasse.png&#8221; parallax=&#8221;on&#8221; custom_padding=&#8221;8%||8%||true|false&#8221; locked=&#8221;off&#8221; collapsed=&#8221;on&#8221; global_colors_info=&#8221;{}&#8221;][et_pb_row _builder_version=&#8221;4.24.0&#8243; _module_preset=&#8221;default&#8221; max_width=&#8221;1000px&#8221; global_colors_info=&#8221;{}&#8221;][et_pb_column type=&#8221;4_4&#8243; _builder_version=&#8221;4.24.1&#8243; _module_preset=&#8221;default&#8221; global_colors_info=&#8221;{}&#8221;][et_pb_text _builder_version=&#8221;4.27.6&#8243; _module_preset=&#8221;default&#8221; header_2_text_align=&#8221;center&#8221; header_2_text_color=&#8221;#FFFFFF&#8221; global_colors_info=&#8221;{}&#8221;]<\/p>\n<h2>Plan your stay now at Villa Ducasse in Essaouira<\/h2>\n<p>[\/et_pb_text][et_pb_text _builder_version=&#8221;4.27.6&#8243; _module_preset=&#8221;default&#8221; text_text_color=&#8221;#FFFFFF&#8221; text_orientation=&#8221;center&#8221; global_colors_info=&#8221;{}&#8221;]<\/p>\n<p>Do you have any questions or would you like to organize certain details before your arrival? Feel free to contact us directly. Our team will be happy to assist you in preparing your stay to make it an unforgettable experience. <\/p>\n<p>[\/et_pb_text][et_pb_button button_url=&#8221;@ET-DC@eyJkeW5hbWljIjp0cnVlLCJjb250ZW50IjoicG9zdF9saW5rX3VybF9wYWdlIiwic2V0dGluZ3MiOnsicG9zdF9pZCI6IjgzNyJ9fQ==@&#8221; button_text=&#8221;Contact us&#8221; button_alignment=&#8221;center&#8221; _builder_version=&#8221;4.27.6&#8243; _dynamic_attributes=&#8221;button_url&#8221; _module_preset=&#8221;9aa095f1-66a6-47c4-985d-e6c83a76c0fb&#8221; global_colors_info=&#8221;{}&#8221;][\/et_pb_button][\/et_pb_column][\/et_pb_row][\/et_pb_section]<\/p>\n","protected":false},"excerpt":{"rendered":"<p>GalleryPlan your stay now at Villa Ducasse in EssaouiraDo you have any questions or would you like to organize certain details before your arrival? Feel free to contact us directly. Our team will be happy to assist you in preparing your stay to make it an unforgettable experience.<\/p>\n","protected":false},"author":1,"featured_media":0,"parent":0,"menu_order":0,"comment_status":"closed","ping_status":"closed","template":"","meta":{"_et_pb_use_builder":"on","_et_pb_old_content":"","_et_gb_content_width":"","footnotes":""},"class_list":["post-823","page","type-page","status-publish","hentry"],"yoast_head":"<!-- This site is optimized with the Yoast SEO plugin v27.3 - https:\/\/yoast.com\/product\/yoast-seo-wordpress\/ -->\n<title>Infos pratiques s\u00e9jour \u00e0 Essaouira<\/title>\n<meta name=\"description\" content=\"La Villa Ducasse \u2013 D\u00e9couvrez toutes les informations pratiques \u00e0 conna\u00eetre pour un voyage \u00e0 Essaouira : a\u00e9roports, transferts, etc.\" \/>\n<meta name=\"robots\" content=\"index, follow, max-snippet:-1, max-image-preview:large, max-video-preview:-1\" \/>\n<link rel=\"canonical\" href=\"https:\/\/www.lavilladucasse.com\/en\/gallery\/\" \/>\n<meta property=\"og:locale\" content=\"en_US\" \/>\n<meta property=\"og:type\" content=\"article\" \/>\n<meta property=\"og:title\" content=\"Infos pratiques s\u00e9jour \u00e0 Essaouira\" \/>\n<meta property=\"og:description\" content=\"La Villa Ducasse \u2013 D\u00e9couvrez toutes les informations pratiques \u00e0 conna\u00eetre pour un voyage \u00e0 Essaouira : a\u00e9roports, transferts, etc.\" \/>\n<meta property=\"og:url\" content=\"https:\/\/www.lavilladucasse.com\/en\/gallery\/\" \/>\n<meta property=\"og:site_name\" content=\"La villa du casse\" \/>\n<meta property=\"article:modified_time\" content=\"2026-04-01T15:47:15+00:00\" \/>\n<meta name=\"twitter:card\" content=\"summary_large_image\" \/>\n<meta name=\"twitter:label1\" content=\"Est. reading time\" \/>\n\t<meta name=\"twitter:data1\" content=\"7 minutes\" \/>\n<script type=\"application\/ld+json\" class=\"yoast-schema-graph\">{\"@context\":\"https:\\\/\\\/schema.org\",\"@graph\":[{\"@type\":\"WebPage\",\"@id\":\"https:\\\/\\\/www.lavilladucasse.com\\\/en\\\/gallery\\\/\",\"url\":\"https:\\\/\\\/www.lavilladucasse.com\\\/en\\\/gallery\\\/\",\"name\":\"Infos pratiques s\u00e9jour \u00e0 Essaouira\",\"isPartOf\":{\"@id\":\"https:\\\/\\\/www.lavilladucasse.com\\\/en\\\/#website\"},\"datePublished\":\"2025-04-01T16:11:49+00:00\",\"dateModified\":\"2026-04-01T15:47:15+00:00\",\"description\":\"La Villa Ducasse \u2013 D\u00e9couvrez toutes les informations pratiques \u00e0 conna\u00eetre pour un voyage \u00e0 Essaouira : a\u00e9roports, transferts, etc.\",\"breadcrumb\":{\"@id\":\"https:\\\/\\\/www.lavilladucasse.com\\\/en\\\/gallery\\\/#breadcrumb\"},\"inLanguage\":\"en-US\",\"potentialAction\":[{\"@type\":\"ReadAction\",\"target\":[\"https:\\\/\\\/www.lavilladucasse.com\\\/en\\\/gallery\\\/\"]}]},{\"@type\":\"BreadcrumbList\",\"@id\":\"https:\\\/\\\/www.lavilladucasse.com\\\/en\\\/gallery\\\/#breadcrumb\",\"itemListElement\":[{\"@type\":\"ListItem\",\"position\":1,\"name\":\"Accueil\",\"item\":\"https:\\\/\\\/www.lavilladucasse.com\\\/en\\\/\"},{\"@type\":\"ListItem\",\"position\":2,\"name\":\"Gallery\"}]},{\"@type\":\"WebSite\",\"@id\":\"https:\\\/\\\/www.lavilladucasse.com\\\/en\\\/#website\",\"url\":\"https:\\\/\\\/www.lavilladucasse.com\\\/en\\\/\",\"name\":\"La villa du casse\",\"description\":\"\",\"potentialAction\":[{\"@type\":\"SearchAction\",\"target\":{\"@type\":\"EntryPoint\",\"urlTemplate\":\"https:\\\/\\\/www.lavilladucasse.com\\\/en\\\/?s={search_term_string}\"},\"query-input\":{\"@type\":\"PropertyValueSpecification\",\"valueRequired\":true,\"valueName\":\"search_term_string\"}}],\"inLanguage\":\"en-US\"}]}<\/script>\n<!-- \/ Yoast SEO plugin. -->","yoast_head_json":{"title":"Infos pratiques s\u00e9jour \u00e0 Essaouira","description":"La Villa Ducasse \u2013 D\u00e9couvrez toutes les informations pratiques \u00e0 conna\u00eetre pour un voyage \u00e0 Essaouira : a\u00e9roports, transferts, etc.","robots":{"index":"index","follow":"follow","max-snippet":"max-snippet:-1","max-image-preview":"max-image-preview:large","max-video-preview":"max-video-preview:-1"},"canonical":"https:\/\/www.lavilladucasse.com\/en\/gallery\/","og_locale":"en_US","og_type":"article","og_title":"Infos pratiques s\u00e9jour \u00e0 Essaouira","og_description":"La Villa Ducasse \u2013 D\u00e9couvrez toutes les informations pratiques \u00e0 conna\u00eetre pour un voyage \u00e0 Essaouira : a\u00e9roports, transferts, etc.","og_url":"https:\/\/www.lavilladucasse.com\/en\/gallery\/","og_site_name":"La villa du casse","article_modified_time":"2026-04-01T15:47:15+00:00","twitter_card":"summary_large_image","twitter_misc":{"Est. reading time":"7 minutes"},"schema":{"@context":"https:\/\/schema.org","@graph":[{"@type":"WebPage","@id":"https:\/\/www.lavilladucasse.com\/en\/gallery\/","url":"https:\/\/www.lavilladucasse.com\/en\/gallery\/","name":"Infos pratiques s\u00e9jour \u00e0 Essaouira","isPartOf":{"@id":"https:\/\/www.lavilladucasse.com\/en\/#website"},"datePublished":"2025-04-01T16:11:49+00:00","dateModified":"2026-04-01T15:47:15+00:00","description":"La Villa Ducasse \u2013 D\u00e9couvrez toutes les informations pratiques \u00e0 conna\u00eetre pour un voyage \u00e0 Essaouira : a\u00e9roports, transferts, etc.","breadcrumb":{"@id":"https:\/\/www.lavilladucasse.com\/en\/gallery\/#breadcrumb"},"inLanguage":"en-US","potentialAction":[{"@type":"ReadAction","target":["https:\/\/www.lavilladucasse.com\/en\/gallery\/"]}]},{"@type":"BreadcrumbList","@id":"https:\/\/www.lavilladucasse.com\/en\/gallery\/#breadcrumb","itemListElement":[{"@type":"ListItem","position":1,"name":"Accueil","item":"https:\/\/www.lavilladucasse.com\/en\/"},{"@type":"ListItem","position":2,"name":"Gallery"}]},{"@type":"WebSite","@id":"https:\/\/www.lavilladucasse.com\/en\/#website","url":"https:\/\/www.lavilladucasse.com\/en\/","name":"La villa du casse","description":"","potentialAction":[{"@type":"SearchAction","target":{"@type":"EntryPoint","urlTemplate":"https:\/\/www.lavilladucasse.com\/en\/?s={search_term_string}"},"query-input":{"@type":"PropertyValueSpecification","valueRequired":true,"valueName":"search_term_string"}}],"inLanguage":"en-US"}]}},"_links":{"self":[{"href":"https:\/\/www.lavilladucasse.com\/en\/wp-json\/wp\/v2\/pages\/823","targetHints":{"allow":["GET"]}}],"collection":[{"href":"https:\/\/www.lavilladucasse.com\/en\/wp-json\/wp\/v2\/pages"}],"about":[{"href":"https:\/\/www.lavilladucasse.com\/en\/wp-json\/wp\/v2\/types\/page"}],"author":[{"embeddable":true,"href":"https:\/\/www.lavilladucasse.com\/en\/wp-json\/wp\/v2\/users\/1"}],"replies":[{"embeddable":true,"href":"https:\/\/www.lavilladucasse.com\/en\/wp-json\/wp\/v2\/comments?post=823"}],"version-history":[{"count":22,"href":"https:\/\/www.lavilladucasse.com\/en\/wp-json\/wp\/v2\/pages\/823\/revisions"}],"predecessor-version":[{"id":1038,"href":"https:\/\/www.lavilladucasse.com\/en\/wp-json\/wp\/v2\/pages\/823\/revisions\/1038"}],"wp:attachment":[{"href":"https:\/\/www.lavilladucasse.com\/en\/wp-json\/wp\/v2\/media?parent=823"}],"curies":[{"name":"wp","href":"https:\/\/api.w.org\/{rel}","templated":true}]}}